{"id":51,"date":"2021-08-25T13:50:59","date_gmt":"2021-08-25T13:50:59","guid":{"rendered":"https:\/\/aubergedupieddesmonts.com\/?page_id=51"},"modified":"2024-05-24T13:34:47","modified_gmt":"2024-05-24T13:34:47","slug":"nos-tarifs","status":"publish","type":"page","link":"https:\/\/aubergedupieddesmonts.fr\/?page_id=51","title":{"rendered":"Nos tarifs"},"content":{"rendered":"<p>[et_pb_section fb_built=\u00a0\u00bb1&Prime; _builder_version=\u00a0\u00bb4.16&Prime; _module_preset=\u00a0\u00bbdefault\u00a0\u00bb global_colors_info=\u00a0\u00bb{}\u00a0\u00bb][et_pb_row _builder_version=\u00a0\u00bb4.16&Prime; _module_preset=\u00a0\u00bbdefault\u00a0\u00bb global_colors_info=\u00a0\u00bb{}\u00a0\u00bb][et_pb_column type=\u00a0\u00bb4_4&Prime; _builder_version=\u00a0\u00bb4.16&Prime; _module_preset=\u00a0\u00bbdefault\u00a0\u00bb global_colors_info=\u00a0\u00bb{}\u00a0\u00bb][et_pb_text _builder_version=\u00a0\u00bb4.16&Prime; _module_preset=\u00a0\u00bbdefault\u00a0\u00bb header_font=\u00a0\u00bbCormorant Garamond|700|||||||\u00a0\u00bb header_text_align=\u00a0\u00bbcenter\u00a0\u00bb header_text_color=\u00a0\u00bb#ff7864&Prime; header_font_size=\u00a0\u00bb70px\u00a0\u00bb global_colors_info=\u00a0\u00bb{}\u00a0\u00bb]<\/p>\n<h1>Nos tarifs<\/h1>\n<p>[\/et_pb_text][\/et_pb_column][\/et_pb_row][et_pb_row _builder_version=\u00a0\u00bb4.16&Prime; _module_preset=\u00a0\u00bbdefault\u00a0\u00bb global_colors_info=\u00a0\u00bb{}\u00a0\u00bb][et_pb_column type=\u00a0\u00bb4_4&Prime; _builder_version=\u00a0\u00bb4.16&Prime; _module_preset=\u00a0\u00bbdefault\u00a0\u00bb global_colors_info=\u00a0\u00bb{}\u00a0\u00bb][et_pb_text _builder_version=\u00a0\u00bb4.16&Prime; _module_preset=\u00a0\u00bbdefault\u00a0\u00bb text_font=\u00a0\u00bbCormorant Garamond|700|||||||\u00a0\u00bb text_text_color=\u00a0\u00bb#000000&Prime; text_font_size=\u00a0\u00bb50px\u00a0\u00bb header_font_size=\u00a0\u00bb37px\u00a0\u00bb text_orientation=\u00a0\u00bbcenter\u00a0\u00bb module_alignment=\u00a0\u00bbcenter\u00a0\u00bb text_font_size_tablet=\u00a0\u00bb30px\u00a0\u00bb text_font_size_phone=\u00a0\u00bb25px\u00a0\u00bb text_font_size_last_edited=\u00a0\u00bbon|tablet\u00a0\u00bb global_colors_info=\u00a0\u00bb{}\u00a0\u00bb]<\/p>\n<p>Nos chambres d&rsquo;h\u00f4tes de l&rsquo;auberge du pied des monts<\/p>\n<p>[\/et_pb_text][\/et_pb_column][\/et_pb_row][et_pb_row _builder_version=\u00a0\u00bb4.16&Prime; _module_preset=\u00a0\u00bbdefault\u00a0\u00bb global_colors_info=\u00a0\u00bb{}\u00a0\u00bb][et_pb_column type=\u00a0\u00bb4_4&Prime; _builder_version=\u00a0\u00bb4.16&Prime; _module_preset=\u00a0\u00bbdefault\u00a0\u00bb global_colors_info=\u00a0\u00bb{}\u00a0\u00bb][et_pb_pricing_tables featured_table_background_color=\u00a0\u00bb#E09900&Prime; featured_table_header_background_color=\u00a0\u00bb#FFFFFF\u00a0\u00bb featured_table_header_text_color=\u00a0\u00bb#FFFFFF\u00a0\u00bb header_background_color=\u00a0\u00bb#ff7864&Prime; featured_table_text_color=\u00a0\u00bb#FFFFFF\u00a0\u00bb featured_table_bullet_color=\u00a0\u00bb#000000&Prime; bullet_color=\u00a0\u00bb#000000&Prime; show_featured_drop_shadow=\u00a0\u00bboff\u00a0\u00bb featured_table_currency_frequency_text_color=\u00a0\u00bb#000000&Prime; featured_table_background_color_tablet=\u00a0\u00bb\u00a0\u00bb featured_table_background_color_phone=\u00a0\u00bb#ff7864&Prime; featured_table_background_color_last_edited=\u00a0\u00bbon|phone\u00a0\u00bb _builder_version=\u00a0\u00bb4.16&Prime; _module_preset=\u00a0\u00bbdefault\u00a0\u00bb currency_frequency_text_color=\u00a0\u00bb#000000&Prime; body_text_color=\u00a0\u00bb#E02B20&Prime; header_text_color=\u00a0\u00bb#000000&Prime; body_font=\u00a0\u00bbCormorant Garamond|700|||||||\u00a0\u00bb body_text_align=\u00a0\u00bbleft\u00a0\u00bb body_font_size=\u00a0\u00bb17px\u00a0\u00bb currency_frequency_font=\u00a0\u00bb|600|||||||\u00a0\u00bb custom_button=\u00a0\u00bbon\u00a0\u00bb button_text_color=\u00a0\u00bb#000000&Prime; button_bg_color=\u00a0\u00bb#000000&Prime; border_radii=\u00a0\u00bbon|10px|10px|10px|10px\u00a0\u00bb global_colors_info=\u00a0\u00bb{}\u00a0\u00bb][et_pb_pricing_table title=\u00a0\u00bbChambre pour une personne\u00a0\u00bb subtitle=\u00a0\u00bbLit double\u00a0\u00bb currency=\u00a0\u00bb\u20ac\u00a0\u00bb sum=\u00a0\u00bb79&Prime; bullet_color=\u00a0\u00bb#000000&Prime; _builder_version=\u00a0\u00bb4.16&Prime; _module_preset=\u00a0\u00bbdefault\u00a0\u00bb header_font=\u00a0\u00bbCormorant Garamond|700|||||||\u00a0\u00bb body_font=\u00a0\u00bbCormorant Garamond|700|||||||\u00a0\u00bb currency_frequency_font=\u00a0\u00bb|700|||||||\u00a0\u00bb currency_frequency_text_color=\u00a0\u00bb#000000&Prime; global_colors_info=\u00a0\u00bb{}\u00a0\u00bb sticky_transition=\u00a0\u00bbon\u00a0\u00bb]<\/p>\n<p>Taxe de s\u00e9jour de 0,55 \u20ac par jour et par personnes non incluse.<\/p>\n<p>Petit d\u00e9jeuner compris<\/p>\n<p>[\/et_pb_pricing_table][et_pb_pricing_table title=\u00a0\u00bbChambre pour 2 personnes\u00a0\u00bb subtitle=\u00a0\u00bbLit double\u00a0\u00bb currency=\u00a0\u00bb\u20ac\u00a0\u00bb sum=\u00a0\u00bb94&Prime; _builder_version=\u00a0\u00bb4.16&Prime; _module_preset=\u00a0\u00bbdefault\u00a0\u00bb header_font=\u00a0\u00bbCormorant Garamond|700|||||||\u00a0\u00bb global_colors_info=\u00a0\u00bb{}\u00a0\u00bb sticky_transition=\u00a0\u00bbon\u00a0\u00bb]<\/p>\n<p>Taxe de s\u00e9jour de 0,55 \u20ac par jour et par personnes non incluse.<\/p>\n<p>Petit d\u00e9jeuner compris<\/p>\n<p>[\/et_pb_pricing_table][et_pb_pricing_table title=\u00a0\u00bbChambre pour 3 personnes\u00a0\u00bb subtitle=\u00a0\u00bb1 lit double + 1 simple\u00a0\u00bb currency=\u00a0\u00bb\u20ac\u00a0\u00bb sum=\u00a0\u00bb117&Prime; _builder_version=\u00a0\u00bb4.16&Prime; _module_preset=\u00a0\u00bbdefault\u00a0\u00bb header_font=\u00a0\u00bbCormorant Garamond|700|||||||\u00a0\u00bb global_colors_info=\u00a0\u00bb{}\u00a0\u00bb sticky_transition=\u00a0\u00bbon\u00a0\u00bb]<\/p>\n<p>Taxe de s\u00e9jour de 0,55 \u20ac par jour et par personnes non incluse.<\/p>\n<p>Petit d\u00e9jeuner compris<\/p>\n<p>[\/et_pb_pricing_table][et_pb_pricing_table title=\u00a0\u00bbChambre pour 4 personnes\u00a0\u00bb subtitle=\u00a0\u00bb2 lits doubles ou 1 lit double + 2 lits simples\u00a0\u00bb currency=\u00a0\u00bb\u20ac\u00a0\u00bb sum=\u00a0\u00bb140&Prime; _builder_version=\u00a0\u00bb4.16&Prime; _module_preset=\u00a0\u00bbdefault\u00a0\u00bb header_level=\u00a0\u00bbh4&Prime; header_font=\u00a0\u00bbCormorant Garamond|700|||||||\u00a0\u00bb header_font_size=\u00a0\u00bb26px\u00a0\u00bb price_font=\u00a0\u00bb||||||||\u00a0\u00bb global_colors_info=\u00a0\u00bb{}\u00a0\u00bb sticky_transition=\u00a0\u00bbon\u00a0\u00bb]<\/p>\n<p>Taxe de s\u00e9jour de 0,55 \u20ac par jour et par personnes non incluse.<\/p>\n<p>Petit d\u00e9jeuner compris<\/p>\n<p>[\/et_pb_pricing_table][et_pb_pricing_table title=\u00a0\u00bbSoir\u00e9es \u00e9tapes\u00a0\u00bb subtitle=\u00a0\u00bb1 lit double\u00a0\u00bb currency=\u00a0\u00bb\u20ac\u00a0\u00bb sum=\u00a0\u00bb92&Prime; _builder_version=\u00a0\u00bb4.16&Prime; _module_preset=\u00a0\u00bbdefault\u00a0\u00bb header_level=\u00a0\u00bbh4&Prime; header_font=\u00a0\u00bbCormorant Garamond|700|||||||\u00a0\u00bb header_font_size=\u00a0\u00bb26px\u00a0\u00bb price_font=\u00a0\u00bb||||||||\u00a0\u00bb global_colors_info=\u00a0\u00bb{}\u00a0\u00bb sticky_transition=\u00a0\u00bbon\u00a0\u00bb]<\/p>\n<p>Taxe de s\u00e9jour de 0,55 \u20ac par jour et par personnes non incluse.<\/p>\n<p>Uniquement en semaine<\/p>\n<p>D\u00eeners et petit d\u00e9jeuner compris<\/p>\n<p>[\/et_pb_pricing_table][\/et_pb_pricing_tables][\/et_pb_column][\/et_pb_row][et_pb_row _builder_version=\u00a0\u00bb4.16&Prime; _module_preset=\u00a0\u00bbdefault\u00a0\u00bb global_colors_info=\u00a0\u00bb{}\u00a0\u00bb][et_pb_column type=\u00a0\u00bb4_4&Prime; _builder_version=\u00a0\u00bb4.16&Prime; _module_preset=\u00a0\u00bbdefault\u00a0\u00bb global_colors_info=\u00a0\u00bb{}\u00a0\u00bb][et_pb_text _builder_version=\u00a0\u00bb4.16&Prime; _module_preset=\u00a0\u00bbdefault\u00a0\u00bb text_font=\u00a0\u00bbCormorant Garamond|700|||||||\u00a0\u00bb text_text_color=\u00a0\u00bb#000000&Prime; text_font_size=\u00a0\u00bb50px\u00a0\u00bb text_line_height=\u00a0\u00bb1.3em\u00a0\u00bb text_orientation=\u00a0\u00bbcenter\u00a0\u00bb module_alignment=\u00a0\u00bbcenter\u00a0\u00bb text_text_color_tablet=\u00a0\u00bb\u00a0\u00bb text_text_color_phone=\u00a0\u00bb\u00a0\u00bb text_text_color_last_edited=\u00a0\u00bbon|phone\u00a0\u00bb global_colors_info=\u00a0\u00bb{}\u00a0\u00bb]<\/p>\n<p>G\u00eetes de la fontaine<\/p>\n<p>[\/et_pb_text][et_pb_text _builder_version=\u00a0\u00bb4.16&Prime; _module_preset=\u00a0\u00bbdefault\u00a0\u00bb text_font=\u00a0\u00bbCormorant Garamond|700|||||||\u00a0\u00bb text_text_color=\u00a0\u00bb#ff7864&Prime; text_font_size=\u00a0\u00bb40px\u00a0\u00bb global_colors_info=\u00a0\u00bb{}\u00a0\u00bb]<\/p>\n<p>Basse saison<\/p>\n<p>[\/et_pb_text][\/et_pb_column][\/et_pb_row][et_pb_row _builder_version=\u00a0\u00bb4.16&Prime; _module_preset=\u00a0\u00bbdefault\u00a0\u00bb global_colors_info=\u00a0\u00bb{}\u00a0\u00bb][et_pb_column type=\u00a0\u00bb4_4&Prime; _builder_version=\u00a0\u00bb4.16&Prime; _module_preset=\u00a0\u00bbdefault\u00a0\u00bb global_colors_info=\u00a0\u00bb{}\u00a0\u00bb][et_pb_pricing_tables featured_table_header_background_color=\u00a0\u00bbRGBA(0,0,0,0)\u00a0\u00bb featured_table_header_text_color=\u00a0\u00bb#000000&Prime; header_background_color=\u00a0\u00bb#ff7864&Prime; _builder_version=\u00a0\u00bb4.16&Prime; _module_preset=\u00a0\u00bbdefault\u00a0\u00bb body_text_color=\u00a0\u00bb#000000&Prime; header_text_color=\u00a0\u00bb#000000&Prime; header_font=\u00a0\u00bbCormorant Garamond|700|||||||\u00a0\u00bb body_font=\u00a0\u00bbCormorant Garamond|700|||||||\u00a0\u00bb body_font_size=\u00a0\u00bb18px\u00a0\u00bb border_radii=\u00a0\u00bbon|10px|10px|10px|10px\u00a0\u00bb global_colors_info=\u00a0\u00bb{}\u00a0\u00bb][et_pb_pricing_table title=\u00a0\u00bbLocation Week-end\u00a0\u00bb subtitle=\u00a0\u00bb2 nuit\u00e9es &#8211; Arriv\u00e9e vendredi 16 h &#8211; d\u00e9part dimanche 10 h\u00a0\u00bb currency=\u00a0\u00bb\u20ac\u00a0\u00bb sum=\u00a0\u00bb1575&Prime; _builder_version=\u00a0\u00bb4.16&Prime; _module_preset=\u00a0\u00bbdefault\u00a0\u00bb global_colors_info=\u00a0\u00bb{}\u00a0\u00bb sticky_transition=\u00a0\u00bbon\u00a0\u00bb]<\/p>\n<p><span><span style=\"text-decoration: underline;\">Location de serviettes :<\/span> <strong>\u00a06 \u20ac par personne<\/strong> (une serviette de bain et 1 pour la piscine)<\/span><\/p>\n<p><span><span style=\"text-decoration: underline;\"> Offre s\u00e9r\u00e9nit\u00e9<\/span> : filtres \u00e0 caf\u00e9, liquide vaisselle, pastilles lave-vaisselle, 1 \u00e9ponge, papier toilette et 10 torchons = <strong>45\u20ac. <\/strong><\/span><\/p>\n<p><span><span style=\"text-decoration: underline;\">M\u00e9nage final :<\/span> <strong>350\u20ac<\/strong><\/span><\/p>\n<p><span><span style=\"text-decoration: underline;\">Lits fait \u00e0 votre arriv\u00e9e :<\/span><strong> 150\u20ac<\/strong><\/span><\/p>\n<p>[\/et_pb_pricing_table][et_pb_pricing_table title=\u00a0\u00bbLocation Week-end\u00a0\u00bb subtitle=\u00a0\u00bb3 nuit\u00e9es (grand week-end : exemple avec jour f\u00e9ri\u00e9)\u00a0\u00bb currency=\u00a0\u00bb\u20ac\u00a0\u00bb sum=\u00a0\u00bb1690&Prime; _builder_version=\u00a0\u00bb4.16&Prime; _module_preset=\u00a0\u00bbdefault\u00a0\u00bb global_colors_info=\u00a0\u00bb{}\u00a0\u00bb sticky_transition=\u00a0\u00bbon\u00a0\u00bb]<\/p>\n<p><span><span style=\"text-decoration: underline;\">Location de serviettes :<\/span> <strong>\u00a06 \u20ac par personne<\/strong> (une serviette de bain et 1 pour la piscine)<\/span><\/p>\n<p><span><span style=\"text-decoration: underline;\"> Offre s\u00e9r\u00e9nit\u00e9<\/span> : filtres \u00e0 caf\u00e9, liquide vaisselle, pastilles lave-vaisselle, 1 \u00e9ponge, papier toilette et 10 torchons = <strong>45\u20ac. <\/strong><\/span><\/p>\n<p><span><span style=\"text-decoration: underline;\">M\u00e9nage final :<\/span> <strong>350\u20ac<\/strong><\/span><\/p>\n<p><span><span style=\"text-decoration: underline;\">Lits fait \u00e0 votre arriv\u00e9e :<\/span><strong> 150\u20ac<\/strong><\/span><\/p>\n<p>[\/et_pb_pricing_table][et_pb_pricing_table title=\u00a0\u00bbLocation semaine\u00a0\u00bb subtitle=\u00a0\u00bb7 nuit\u00e9es\u00a0\u00bb currency=\u00a0\u00bb\u20ac\u00a0\u00bb sum=\u00a0\u00bb2215&Prime; _builder_version=\u00a0\u00bb4.16&Prime; _module_preset=\u00a0\u00bbdefault\u00a0\u00bb global_colors_info=\u00a0\u00bb{}\u00a0\u00bb sticky_transition=\u00a0\u00bbon\u00a0\u00bb]<\/p>\n<p><span><span style=\"text-decoration: underline;\">Location de serviettes :<\/span> <strong>\u00a06 \u20ac par personne<\/strong> (une serviette de bain et 1 pour la piscine)<\/span><\/p>\n<p><span><span style=\"text-decoration: underline;\"> Offre s\u00e9r\u00e9nit\u00e9<\/span> : filtres \u00e0 caf\u00e9, liquide vaisselle, pastilles lave-vaisselle, 1 \u00e9ponge, papier toilette et 10 torchons = <strong>45\u20ac. <\/strong><\/span><\/p>\n<p><span><span style=\"text-decoration: underline;\">M\u00e9nage final :<\/span> <strong>350\u20ac<\/strong><\/span><\/p>\n<p><span><span style=\"text-decoration: underline;\">Lits fait \u00e0 votre arriv\u00e9e :<\/span><strong> 150\u20ac<\/strong><\/span><\/p>\n<p>[\/et_pb_pricing_table][\/et_pb_pricing_tables][\/et_pb_column][\/et_pb_row][et_pb_row _builder_version=\u00a0\u00bb4.16&Prime; _module_preset=\u00a0\u00bbdefault\u00a0\u00bb global_colors_info=\u00a0\u00bb{}\u00a0\u00bb][et_pb_column type=\u00a0\u00bb4_4&Prime; _builder_version=\u00a0\u00bb4.16&Prime; _module_preset=\u00a0\u00bbdefault\u00a0\u00bb global_colors_info=\u00a0\u00bb{}\u00a0\u00bb][et_pb_text _builder_version=\u00a0\u00bb4.16&Prime; _module_preset=\u00a0\u00bbdefault\u00a0\u00bb text_font=\u00a0\u00bbCormorant Garamond|700|||||||\u00a0\u00bb text_text_color=\u00a0\u00bb#ff7864&Prime; text_font_size=\u00a0\u00bb40px\u00a0\u00bb text_line_height=\u00a0\u00bb1.2em\u00a0\u00bb text_font_size_tablet=\u00a0\u00bb\u00a0\u00bb text_font_size_phone=\u00a0\u00bb\u00a0\u00bb text_font_size_last_edited=\u00a0\u00bbon|phone\u00a0\u00bb global_colors_info=\u00a0\u00bb{}\u00a0\u00bb]<\/p>\n<p>Moyenne saison &#8211; Vacances scolaires toutes zones confondues<\/p>\n<p>[\/et_pb_text][et_pb_pricing_tables header_background_color=\u00a0\u00bb#ff7864&Prime; _builder_version=\u00a0\u00bb4.16&Prime; _module_preset=\u00a0\u00bbdefault\u00a0\u00bb body_text_color=\u00a0\u00bb#000000&Prime; header_text_color=\u00a0\u00bb#000000&Prime; header_font=\u00a0\u00bbCormorant Garamond|700|||||||\u00a0\u00bb body_font=\u00a0\u00bbCormorant Garamond|700|||||||\u00a0\u00bb body_font_size=\u00a0\u00bb18px\u00a0\u00bb hover_enabled=\u00a0\u00bb0&Prime; border_radii=\u00a0\u00bbon|10px|10px|10px|10px\u00a0\u00bb global_colors_info=\u00a0\u00bb{}\u00a0\u00bb sticky_enabled=\u00a0\u00bb0&Prime;][et_pb_pricing_table title=\u00a0\u00bbLocation Week-end\u00a0\u00bb subtitle=\u00a0\u00bb2 nuit\u00e9es &#8211; Arriv\u00e9e vendredi 16 h &#8211; d\u00e9part dimanche 10 h\u00a0\u00bb currency=\u00a0\u00bb\u20ac\u00a0\u00bb sum=\u00a0\u00bb1685&Prime; _builder_version=\u00a0\u00bb4.16&Prime; _module_preset=\u00a0\u00bbdefault\u00a0\u00bb global_colors_info=\u00a0\u00bb{}\u00a0\u00bb sticky_transition=\u00a0\u00bbon\u00a0\u00bb]<\/p>\n<p><span><span style=\"text-decoration: underline;\">Location de serviettes :<\/span> <strong>\u00a06 <\/strong><\/span><span><strong>\u20ac par personne<\/strong> (une serviette de bain et 1 pour la piscine)<\/span><\/p>\n<p><span><span style=\"text-decoration: underline;\"> Offre s\u00e9r\u00e9nit\u00e9<\/span> : filtres \u00e0 caf\u00e9, liquide vaisselle, pastilles lave-vaisselle, 1 \u00e9ponge, papier toilette et 10 torchons = <strong>45\u20ac. <\/strong><\/span><\/p>\n<p><span><span style=\"text-decoration: underline;\">M\u00e9nage final :<\/span> <strong>350\u20ac<\/strong><\/span><\/p>\n<p><span><span style=\"text-decoration: underline;\">Lits fait \u00e0 votre arriv\u00e9e :<\/span><strong> 150\u20ac<\/strong><\/span><\/p>\n<p>[\/et_pb_pricing_table][et_pb_pricing_table title=\u00a0\u00bbLocation Week-end\u00a0\u00bb subtitle=\u00a0\u00bb3 nuit\u00e9es (grand week-end : exemple avec jour f\u00e9ri\u00e9)\u00a0\u00bb currency=\u00a0\u00bb\u20ac\u00a0\u00bb sum=\u00a0\u00bb1825&Prime; _builder_version=\u00a0\u00bb4.16&Prime; _module_preset=\u00a0\u00bbdefault\u00a0\u00bb hover_enabled=\u00a0\u00bb0&Prime; global_colors_info=\u00a0\u00bb{}\u00a0\u00bb sticky_transition=\u00a0\u00bbon\u00a0\u00bb sticky_enabled=\u00a0\u00bb0&Prime;]<\/p>\n<p><span><span style=\"text-decoration: underline;\">Location de serviettes :<\/span> <strong>\u00a06 \u20ac par personne<\/strong> (une serviette de bain et 1 pour la piscine)<\/span><\/p>\n<p><span><span style=\"text-decoration: underline;\"> Offre s\u00e9r\u00e9nit\u00e9<\/span> : filtres \u00e0 caf\u00e9, liquide vaisselle, pastilles lave-vaisselle, 1 \u00e9ponge, papier toilette et 10 torchons = <strong>45\u20ac. <\/strong><\/span><\/p>\n<p><span><span style=\"text-decoration: underline;\">M\u00e9nage final :<\/span> <strong>350\u20ac<\/strong><\/span><\/p>\n<p><span><span style=\"text-decoration: underline;\">Lits fait \u00e0 votre arriv\u00e9e :<\/span><strong> 150\u20ac<\/strong><\/span><\/p>\n<p>[\/et_pb_pricing_table][et_pb_pricing_table title=\u00a0\u00bbLocation semaine\u00a0\u00bb subtitle=\u00a0\u00bb7 nuit\u00e9es\u00a0\u00bb currency=\u00a0\u00bb\u20ac\u00a0\u00bb sum=\u00a0\u00bb2390&Prime; _builder_version=\u00a0\u00bb4.19.4&Prime; _module_preset=\u00a0\u00bbdefault\u00a0\u00bb hover_enabled=\u00a0\u00bb0&Prime; global_colors_info=\u00a0\u00bb{}\u00a0\u00bb sticky_transition=\u00a0\u00bbon\u00a0\u00bb sticky_enabled=\u00a0\u00bb0&Prime;]<\/p>\n<p><span><span style=\"text-decoration: underline;\">Location de serviettes :<\/span> <strong>\u00a06 \u20ac par personne<\/strong> (une serviette de bain et 1 pour la piscine)<\/span><\/p>\n<p><span><span style=\"text-decoration: underline;\"> Offre s\u00e9r\u00e9nit\u00e9<\/span> : filtres \u00e0 caf\u00e9, liquide vaisselle, pastilles lave-vaisselle, 1 \u00e9ponge, papier toilette et 10 torchons = <strong>45\u20ac. <\/strong><\/span><\/p>\n<p><span><span style=\"text-decoration: underline;\">M\u00e9nage final :<\/span> <strong>350\u20ac<\/strong><\/span><\/p>\n<p><span><span style=\"text-decoration: underline;\">Lits fait \u00e0 votre arriv\u00e9e :<\/span><strong> 150\u20ac<\/strong><\/span><\/p>\n<p>[\/et_pb_pricing_table][\/et_pb_pricing_tables][et_pb_text _builder_version=\u00a0\u00bb4.16&Prime; _module_preset=\u00a0\u00bbdefault\u00a0\u00bb text_font=\u00a0\u00bbCormorant Garamond|700|||||||\u00a0\u00bb text_text_color=\u00a0\u00bb#ff7864&Prime; text_font_size=\u00a0\u00bb40px\u00a0\u00bb text_line_height_tablet=\u00a0\u00bb\u00a0\u00bb text_line_height_phone=\u00a0\u00bb1.3em\u00a0\u00bb text_line_height_last_edited=\u00a0\u00bbon|phone\u00a0\u00bb global_colors_info=\u00a0\u00bb{}\u00a0\u00bb]<\/p>\n<p>Haute saison &#8211; Juillet et ao\u00fbt<\/p>\n<p>[\/et_pb_text][\/et_pb_column][\/et_pb_row][et_pb_row _builder_version=\u00a0\u00bb4.16&Prime; _module_preset=\u00a0\u00bbdefault\u00a0\u00bb global_colors_info=\u00a0\u00bb{}\u00a0\u00bb][et_pb_column type=\u00a0\u00bb4_4&Prime; _builder_version=\u00a0\u00bb4.16&Prime; _module_preset=\u00a0\u00bbdefault\u00a0\u00bb global_colors_info=\u00a0\u00bb{}\u00a0\u00bb][et_pb_pricing_tables header_background_color=\u00a0\u00bb#ff7864&Prime; _builder_version=\u00a0\u00bb4.16&Prime; _module_preset=\u00a0\u00bbdefault\u00a0\u00bb body_text_color=\u00a0\u00bb#000000&Prime; header_text_color=\u00a0\u00bb#000000&Prime; header_font=\u00a0\u00bbCormorant Garamond|700|||||||\u00a0\u00bb body_font=\u00a0\u00bbCormorant Garamond|700|||||||\u00a0\u00bb body_font_size=\u00a0\u00bb18px\u00a0\u00bb hover_enabled=\u00a0\u00bb0&Prime; border_radii=\u00a0\u00bbon|10px|10px|10px|10px\u00a0\u00bb global_colors_info=\u00a0\u00bb{}\u00a0\u00bb sticky_enabled=\u00a0\u00bb0&Prime;][et_pb_pricing_table title=\u00a0\u00bbLocation semaine\u00a0\u00bb subtitle=\u00a0\u00bb7 nuit\u00e9es\u00a0\u00bb currency=\u00a0\u00bb\u20ac\u00a0\u00bb sum=\u00a0\u00bb2440&Prime; _builder_version=\u00a0\u00bb4.19.4&Prime; _module_preset=\u00a0\u00bbdefault\u00a0\u00bb hover_enabled=\u00a0\u00bb0&Prime; global_colors_info=\u00a0\u00bb{}\u00a0\u00bb sticky_transition=\u00a0\u00bbon\u00a0\u00bb sticky_enabled=\u00a0\u00bb0&Prime;]<\/p>\n<p><span><span style=\"text-decoration: underline;\">Location de serviettes :<\/span> <strong>\u00a06 \u20ac par personne<\/strong> (une serviette de bain et 1 pour la piscine)<\/span><\/p>\n<p><span><span style=\"text-decoration: underline;\"> Offre s\u00e9r\u00e9nit\u00e9<\/span> : filtres \u00e0 caf\u00e9, liquide vaisselle, pastilles lave-vaisselle, 1 \u00e9ponge, papier toilette et 10 torchons = <strong>45\u20ac. <\/strong><\/span><\/p>\n<p><span><span style=\"text-decoration: underline;\">M\u00e9nage final :<\/span> <strong>350\u20ac<\/strong><\/span><\/p>\n<p><span><span style=\"text-decoration: underline;\">Lits fait \u00e0 votre arriv\u00e9e :<\/span><strong> 150\u20ac<\/strong><\/span><\/p>\n<p>[\/et_pb_pricing_table][\/et_pb_pricing_tables][et_pb_text _builder_version=\u00a0\u00bb4.16&Prime; _module_preset=\u00a0\u00bbdefault\u00a0\u00bb global_colors_info=\u00a0\u00bb{}\u00a0\u00bb][\/et_pb_text][\/et_pb_column][\/et_pb_row][\/et_pb_section]<\/p>\n","protected":false},"excerpt":{"rendered":"<p>Nos tarifsNos chambres d&rsquo;h\u00f4tes de l&rsquo;auberge du pied des montsTaxe de s\u00e9jour de 0,55 \u20ac par jour et par personnes non incluse. Petit d\u00e9jeuner comprisTaxe de s\u00e9jour de 0,55 \u20ac par jour et par personnes non incluse. Petit d\u00e9jeuner comprisTaxe de s\u00e9jour de 0,55 \u20ac par jour et par personnes non incluse. Petit d\u00e9jeuner comprisTaxe [&hellip;]<\/p>\n","protected":false},"author":2,"featured_media":217,"parent":0,"menu_order":0,"comment_status":"closed","ping_status":"closed","template":"","meta":{"_et_pb_use_builder":"on","_et_pb_old_content":"","_et_gb_content_width":"","footnotes":""},"_links":{"self":[{"href":"https:\/\/aubergedupieddesmonts.fr\/index.php?rest_route=\/wp\/v2\/pages\/51"}],"collection":[{"href":"https:\/\/aubergedupieddesmonts.fr\/index.php?rest_route=\/wp\/v2\/pages"}],"about":[{"href":"https:\/\/aubergedupieddesmonts.fr\/index.php?rest_route=\/wp\/v2\/types\/page"}],"author":[{"embeddable":true,"href":"https:\/\/aubergedupieddesmonts.fr\/index.php?rest_route=\/wp\/v2\/users\/2"}],"replies":[{"embeddable":true,"href":"https:\/\/aubergedupieddesmonts.fr\/index.php?rest_route=%2Fwp%2Fv2%2Fcomments&post=51"}],"version-history":[{"count":36,"href":"https:\/\/aubergedupieddesmonts.fr\/index.php?rest_route=\/wp\/v2\/pages\/51\/revisions"}],"predecessor-version":[{"id":528,"href":"https:\/\/aubergedupieddesmonts.fr\/index.php?rest_route=\/wp\/v2\/pages\/51\/revisions\/528"}],"wp:featuredmedia":[{"embeddable":true,"href":"https:\/\/aubergedupieddesmonts.fr\/index.php?rest_route=\/wp\/v2\/media\/217"}],"wp:attachment":[{"href":"https:\/\/aubergedupieddesmonts.fr\/index.php?rest_route=%2Fwp%2Fv2%2Fmedia&parent=51"}],"curies":[{"name":"wp","href":"https:\/\/api.w.org\/{rel}","templated":true}]}}